{"id":43,"date":"2023-11-20T06:48:54","date_gmt":"2023-11-20T05:48:54","guid":{"rendered":"https:\/\/livanemprende.net\/?page_id=43"},"modified":"2024-04-04T10:50:34","modified_gmt":"2024-04-04T08:50:34","slug":"43-2","status":"publish","type":"page","link":"https:\/\/livanemprende.net\/index.php\/43-2\/","title":{"rendered":"Servicios"},"content":{"rendered":"\n<div class=\"wp-block-media-text is-stacked-on-mobile\"><figure class=\"wp-block-media-text__media\"><img loading=\"lazy\" decoding=\"async\" width=\"1024\" height=\"1024\" src=\"https:\/\/livanemprende.net\/wp-content\/uploads\/2024\/04\/photo_2023-07-16_17-14-44-1024x1024.jpg\" alt=\"\" class=\"wp-image-176 size-full\" srcset=\"https:\/\/livanemprende.net\/wp-content\/uploads\/2024\/04\/photo_2023-07-16_17-14-44-1024x1024.jpg 1024w, https:\/\/livanemprende.net\/wp-content\/uploads\/2024\/04\/photo_2023-07-16_17-14-44-300x300.jpg 300w, https:\/\/livanemprende.net\/wp-content\/uploads\/2024\/04\/photo_2023-07-16_17-14-44-150x150.jpg 150w, https:\/\/livanemprende.net\/wp-content\/uploads\/2024\/04\/photo_2023-07-16_17-14-44-768x768.jpg 768w, https:\/\/livanemprende.net\/wp-content\/uploads\/2024\/04\/photo_2023-07-16_17-14-44.jpg 1280w\" sizes=\"(max-width: 1024px) 100vw, 1024px\" \/><\/figure><div class=\"wp-block-media-text__content\">\n<div style=\"height:30px\" aria-hidden=\"true\" class=\"wp-block-spacer\"><\/div>\n\n\n\n<p>Veo que est\u00e1s interesado en mis servicios. Primero, muchas gracias por valorar mi trabajo.<\/p>\n\n\n\n<p>Ahora vamos a lo concreto: enhorabuena, tengo varios paquetes que te pueden ayudar. Trabajo en distintas \u00e1reas de la comunicaci\u00f3n digital, desde la creaci\u00f3n de contenidos hasta sectores m\u00e1s fuertes como el comercio electr\u00f3nico.<\/p>\n\n\n\n<p>\u00bfTe animas a ver mi portafolio?<\/p>\n\n\n\n<div class=\"wp-block-buttons is-content-justification-right is-layout-flex wp-container-core-buttons-layout-1 wp-block-buttons-is-layout-flex\">\n<div class=\"wp-block-button\"><a class=\"wp-block-button__link wp-element-button\" href=\"https:\/\/livanemprende.company.site\/\" target=\"_blank\" rel=\"noreferrer noopener\">S\u00ed. fuego<\/a><\/div>\n<\/div>\n<\/div><\/div>\n","protected":false},"excerpt":{"rendered":"","protected":false},"author":1,"featured_media":0,"parent":0,"menu_order":0,"comment_status":"closed","ping_status":"closed","template":"","meta":{"footnotes":""},"_links":{"self":[{"href":"https:\/\/livanemprende.net\/index.php\/wp-json\/wp\/v2\/pages\/43"}],"collection":[{"href":"https:\/\/livanemprende.net\/index.php\/wp-json\/wp\/v2\/pages"}],"about":[{"href":"https:\/\/livanemprende.net\/index.php\/wp-json\/wp\/v2\/types\/page"}],"author":[{"embeddable":true,"href":"https:\/\/livanemprende.net\/index.php\/wp-json\/wp\/v2\/users\/1"}],"replies":[{"embeddable":true,"href":"https:\/\/livanemprende.net\/index.php\/wp-json\/wp\/v2\/comments?post=43"}],"version-history":[{"count":11,"href":"https:\/\/livanemprende.net\/index.php\/wp-json\/wp\/v2\/pages\/43\/revisions"}],"predecessor-version":[{"id":198,"href":"https:\/\/livanemprende.net\/index.php\/wp-json\/wp\/v2\/pages\/43\/revisions\/198"}],"wp:attachment":[{"href":"https:\/\/livanemprende.net\/index.php\/wp-json\/wp\/v2\/media?parent=43"}],"curies":[{"name":"wp","href":"https:\/\/api.w.org\/{rel}","templated":true}]}}